{"id":1960,"date":"2026-03-19T15:26:00","date_gmt":"2026-03-19T22:26:00","guid":{"rendered":"https:\/\/totalhelpclermont.com\/?page_id=1960"},"modified":"2026-04-02T08:34:07","modified_gmt":"2026-04-02T15:34:07","slug":"faqs","status":"publish","type":"page","link":"https:\/\/totalhelpclermont.com\/en\/faqs\/","title":{"rendered":"FAQs"},"content":{"rendered":"<div data-elementor-type=\"wp-page\" data-elementor-id=\"1960\" class=\"elementor elementor-1960\" data-elementor-post-type=\"page\">\n\t\t\t\t\t\t<section class=\"elementor-section elementor-top-section elementor-element elementor-element-9e86ff3 elementor-section-full_width elementor-section-height-min-height elementor-section-height-default elementor-section-items-middle\" data-id=\"9e86ff3\" data-element_type=\"section\" data-e-type=\"section\" data-settings=\"{&quot;background_background&quot;:&quot;classic&quot;}\">\n\t\t\t\t\t\t<div class=\"elementor-container elementor-column-gap-no\">\n\t\t\t\t\t<div class=\"elementor-column elementor-col-100 elementor-top-column elementor-element elementor-element-adcf04a\" data-id=\"adcf04a\" data-element_type=\"column\" data-e-type=\"column\">\n\t\t\t<div class=\"elementor-widget-wrap elementor-element-populated\">\n\t\t\t\t\t\t<div class=\"elementor-element elementor-element-997e4aa elementor-widget elementor-widget-heading\" data-id=\"997e4aa\" data-element_type=\"widget\" data-e-type=\"widget\" data-widget_type=\"heading.default\">\n\t\t\t\t\t<h2 class=\"elementor-heading-title elementor-size-default\">FAQs<\/h2>\t\t\t\t<\/div>\n\t\t\t\t\t<\/div>\n\t\t<\/div>\n\t\t\t\t\t<\/div>\n\t\t<\/section>\n\t\t\t\t<section class=\"elementor-section elementor-top-section elementor-element elementor-element-4307e27 elementor-section-boxed elementor-section-height-default elementor-section-height-default\" data-id=\"4307e27\" data-element_type=\"section\" data-e-type=\"section\" data-settings=\"{&quot;background_background&quot;:&quot;classic&quot;}\">\n\t\t\t\t\t\t<div class=\"elementor-container elementor-column-gap-default\">\n\t\t\t\t\t<div class=\"elementor-column elementor-col-100 elementor-top-column elementor-element elementor-element-c865b06\" data-id=\"c865b06\" data-element_type=\"column\" data-e-type=\"column\">\n\t\t\t<div class=\"elementor-widget-wrap elementor-element-populated\">\n\t\t\t\t\t\t<div class=\"elementor-element elementor-element-f76a2ab elementor-widget elementor-widget-text-editor\" data-id=\"f76a2ab\" data-element_type=\"widget\" data-e-type=\"widget\" data-widget_type=\"text-editor.default\">\n\t\t\t\t\t\t\t\t\t<style>\n.faq-container {\n  max-width: 900px;\n  margin: 0 auto;\n  font-family: Arial, sans-serif;\n}\n\n.faq-item {\n  margin-bottom: 10px;\n  border: 1px solid #eee;\n  border-radius: 6px;\n  overflow: hidden;\n}\n\n.faq-item summary {\n  background: #000;\n  color: #FDC70A;\n  padding: 16px;\n  cursor: pointer;\n  font-size: 16px;\n  font-weight: bold;\n  list-style: none;\n}\n\n.faq-item summary::-webkit-details-marker {\n  display: none;\n}\n\n.faq-item summary:hover {\n  background: #111;\n}\n\n.faq-content {\n  padding: 16px;\n  background: #fff;\n  color: #333;\n  line-height: 1.6;\n  font-size: 14px;\n}\n<\/style>\n\n<div class=\"faq-container\">\n\n<details class=\"faq-item\">\n<summary>\u00bfQu\u00e9 hace Total Help Clermont?<\/summary>\n<div class=\"faq-content\">\nBrindamos asesor\u00eda y acompa\u00f1amiento a personas en procesos migratorios hacia Estados Unidos, as\u00ed como en temas empresariales, notariales y administrativos.\n<\/div>\n<\/details>\n\n<details class=\"faq-item\">\n<summary>\u00bfQu\u00e9 tipo de servicios ofrecen?<\/summary>\n<div class=\"faq-content\">\nOfrecemos asesor\u00eda en procesos migratorios, servicios notariales, seguros, creaci\u00f3n de empresas y Real Estate.\n<\/div>\n<\/details>\n\n<details class=\"faq-item\">\n<summary>\u00bfAtienden solo temas migratorios?<\/summary>\n<div class=\"faq-content\">\nNo. Tambi\u00e9n brindamos apoyo en temas empresariales, notariales, financieros y administrativos.\n<\/div>\n<\/details>\n\n<details class=\"faq-item\">\n<summary>\u00bfTambi\u00e9n ayudan con empresas en EE.UU.?<\/summary>\n<div class=\"faq-content\">\nS\u00ed, ofrecemos un servicio integral desde la creaci\u00f3n hasta el mantenimiento de empresas.\n<\/div>\n<\/details>\n\n<details class=\"faq-item\">\n<summary>\u00bfPuedo recibir atenci\u00f3n en espa\u00f1ol?<\/summary>\n<div class=\"faq-content\">\nS\u00ed, brindamos atenci\u00f3n completamente en espa\u00f1ol.\n<\/div>\n<\/details>\n\n<details class=\"faq-item\">\n<summary>\u00bfLas consultas son virtuales o presenciales?<\/summary>\n<div class=\"faq-content\">\nOfrecemos ambas modalidades seg\u00fan tu preferencia.\n<\/div>\n<\/details>\n\n<details class=\"faq-item\">\n<summary>\u00bfCu\u00e1nto cuesta una consulta inicial?<\/summary>\n<div class=\"faq-content\">\nLos primeros 15 minutos son gratuitos. Luego el costo depende del tipo de asesor\u00eda.\n<\/div>\n<\/details>\n\n<details class=\"faq-item\">\n<summary>\u00bfUstedes son abogados?<\/summary>\n<div class=\"faq-content\">\nNo, somos paralegales y contamos con abogados aliados cuando es necesario.\n<\/div>\n<\/details>\n\n<details class=\"faq-item\">\n<summary>\u00bfQu\u00e9 pasa si mi visa fue negada?<\/summary>\n<div class=\"faq-content\">\nDepende de la raz\u00f3n del rechazo. Es importante analizar el caso antes de volver a aplicar.\n<\/div>\n<\/details>\n\n<details class=\"faq-item\">\n<summary>\u00bfPor qu\u00e9 elegir Total Help Clermont?<\/summary>\n<div class=\"faq-content\">\nPorque somos migrantes legales que hemos vivido el proceso y ofrecemos un enfoque cercano y personalizado.\n<\/div>\n<\/details>\n\n<\/div>\t\t\t\t\t\t\t\t<\/div>\n\t\t\t\t\t<\/div>\n\t\t<\/div>\n\t\t\t\t\t<\/div>\n\t\t<\/section>\n\t\t\t\t<\/div>","protected":false},"excerpt":{"rendered":"<p>FAQs \u00bfQu\u00e9 hace Total Help Clermont? Brindamos asesor\u00eda y acompa\u00f1amiento a personas en procesos migratorios hacia Estados Unidos, as\u00ed como en temas empresariales, notariales y administrativos. \u00bfQu\u00e9 tipo de servicios ofrecen? Ofrecemos asesor\u00eda en procesos migratorios, servicios notariales, seguros, creaci\u00f3n de empresas y Real Estate. \u00bfAtienden solo temas migratorios? No. Tambi\u00e9n brindamos apoyo en temas [&hellip;]<\/p>\n","protected":false},"author":1,"featured_media":0,"parent":0,"menu_order":0,"comment_status":"closed","ping_status":"closed","template":"","meta":{"footnotes":""},"class_list":["post-1960","page","type-page","status-publish","hentry"],"yoast_head":"<!-- This site is optimized with the Yoast SEO plugin v27.2 - https:\/\/yoast.com\/product\/yoast-seo-wordpress\/ -->\n<title>FAQs - totalhelpclermont.com<\/title>\n<meta name=\"robots\" content=\"index, follow, max-snippet:-1, max-image-preview:large, max-video-preview:-1\" \/>\n<link rel=\"canonical\" href=\"https:\/\/totalhelpclermont.com\/en\/faqs\/\" \/>\n<meta property=\"og:locale\" content=\"en_US\" \/>\n<meta property=\"og:type\" content=\"article\" \/>\n<meta property=\"og:title\" content=\"FAQs - totalhelpclermont.com\" \/>\n<meta property=\"og:description\" content=\"FAQs \u00bfQu\u00e9 hace Total Help Clermont? Brindamos asesor\u00eda y acompa\u00f1amiento a personas en procesos migratorios hacia Estados Unidos, as\u00ed como en temas empresariales, notariales y administrativos. \u00bfQu\u00e9 tipo de servicios ofrecen? Ofrecemos asesor\u00eda en procesos migratorios, servicios notariales, seguros, creaci\u00f3n de empresas y Real Estate. \u00bfAtienden solo temas migratorios? No. Tambi\u00e9n brindamos apoyo en temas [&hellip;]\" \/>\n<meta property=\"og:url\" content=\"https:\/\/totalhelpclermont.com\/en\/faqs\/\" \/>\n<meta property=\"og:site_name\" content=\"totalhelpclermont.com\" \/>\n<meta property=\"article:modified_time\" content=\"2026-04-02T15:34:07+00:00\" \/>\n<meta name=\"twitter:card\" content=\"summary_large_image\" \/>\n<meta name=\"twitter:label1\" content=\"Est. reading time\" \/>\n\t<meta name=\"twitter:data1\" content=\"1 minute\" \/>\n<script type=\"application\/ld+json\" class=\"yoast-schema-graph\">{\"@context\":\"https:\/\/schema.org\",\"@graph\":[{\"@type\":\"WebPage\",\"@id\":\"https:\/\/totalhelpclermont.com\/faqs\/\",\"url\":\"https:\/\/totalhelpclermont.com\/faqs\/\",\"name\":\"FAQs - totalhelpclermont.com\",\"isPartOf\":{\"@id\":\"https:\/\/totalhelpclermont.com\/#website\"},\"datePublished\":\"2026-03-19T22:26:00+00:00\",\"dateModified\":\"2026-04-02T15:34:07+00:00\",\"breadcrumb\":{\"@id\":\"https:\/\/totalhelpclermont.com\/faqs\/#breadcrumb\"},\"inLanguage\":\"en-US\",\"potentialAction\":[{\"@type\":\"ReadAction\",\"target\":[\"https:\/\/totalhelpclermont.com\/faqs\/\"]}]},{\"@type\":\"BreadcrumbList\",\"@id\":\"https:\/\/totalhelpclermont.com\/faqs\/#breadcrumb\",\"itemListElement\":[{\"@type\":\"ListItem\",\"position\":1,\"name\":\"Portada\",\"item\":\"https:\/\/totalhelpclermont.com\/\"},{\"@type\":\"ListItem\",\"position\":2,\"name\":\"FAQs\"}]},{\"@type\":\"WebSite\",\"@id\":\"https:\/\/totalhelpclermont.com\/#website\",\"url\":\"https:\/\/totalhelpclermont.com\/\",\"name\":\"totalhelpclermont.com\",\"description\":\"Total Help Clermont ofrece asesor\u00eda en tr\u00e1mites en Estados Unidos, brindando apoyo en procesos administrativos, documentales y empresariales para personas y empresas. Nuestro servicio incluye orientaci\u00f3n clara, gesti\u00f3n eficiente de documentos y acompa\u00f1amiento personalizado en cada etapa, garantizando procesos seguros, organizados y con respaldo profesional.\",\"potentialAction\":[{\"@type\":\"SearchAction\",\"target\":{\"@type\":\"EntryPoint\",\"urlTemplate\":\"https:\/\/totalhelpclermont.com\/?s={search_term_string}\"},\"query-input\":{\"@type\":\"PropertyValueSpecification\",\"valueRequired\":true,\"valueName\":\"search_term_string\"}}],\"inLanguage\":\"en-US\"}]}<\/script>\n<!-- \/ Yoast SEO plugin. -->","yoast_head_json":{"title":"FAQs - totalhelpclermont.com","robots":{"index":"index","follow":"follow","max-snippet":"max-snippet:-1","max-image-preview":"max-image-preview:large","max-video-preview":"max-video-preview:-1"},"canonical":"https:\/\/totalhelpclermont.com\/en\/faqs\/","og_locale":"en_US","og_type":"article","og_title":"FAQs - totalhelpclermont.com","og_description":"FAQs \u00bfQu\u00e9 hace Total Help Clermont? Brindamos asesor\u00eda y acompa\u00f1amiento a personas en procesos migratorios hacia Estados Unidos, as\u00ed como en temas empresariales, notariales y administrativos. \u00bfQu\u00e9 tipo de servicios ofrecen? Ofrecemos asesor\u00eda en procesos migratorios, servicios notariales, seguros, creaci\u00f3n de empresas y Real Estate. \u00bfAtienden solo temas migratorios? No. Tambi\u00e9n brindamos apoyo en temas [&hellip;]","og_url":"https:\/\/totalhelpclermont.com\/en\/faqs\/","og_site_name":"totalhelpclermont.com","article_modified_time":"2026-04-02T15:34:07+00:00","twitter_card":"summary_large_image","twitter_misc":{"Est. reading time":"1 minute"},"schema":{"@context":"https:\/\/schema.org","@graph":[{"@type":"WebPage","@id":"https:\/\/totalhelpclermont.com\/faqs\/","url":"https:\/\/totalhelpclermont.com\/faqs\/","name":"FAQs - totalhelpclermont.com","isPartOf":{"@id":"https:\/\/totalhelpclermont.com\/#website"},"datePublished":"2026-03-19T22:26:00+00:00","dateModified":"2026-04-02T15:34:07+00:00","breadcrumb":{"@id":"https:\/\/totalhelpclermont.com\/faqs\/#breadcrumb"},"inLanguage":"en-US","potentialAction":[{"@type":"ReadAction","target":["https:\/\/totalhelpclermont.com\/faqs\/"]}]},{"@type":"BreadcrumbList","@id":"https:\/\/totalhelpclermont.com\/faqs\/#breadcrumb","itemListElement":[{"@type":"ListItem","position":1,"name":"Portada","item":"https:\/\/totalhelpclermont.com\/"},{"@type":"ListItem","position":2,"name":"FAQs"}]},{"@type":"WebSite","@id":"https:\/\/totalhelpclermont.com\/#website","url":"https:\/\/totalhelpclermont.com\/","name":"totalhelpclermont.com","description":"Total Help Clermont ofrece asesor\u00eda en tr\u00e1mites en Estados Unidos, brindando apoyo en procesos administrativos, documentales y empresariales para personas y empresas. Nuestro servicio incluye orientaci\u00f3n clara, gesti\u00f3n eficiente de documentos y acompa\u00f1amiento personalizado en cada etapa, garantizando procesos seguros, organizados y con respaldo profesional.","potentialAction":[{"@type":"SearchAction","target":{"@type":"EntryPoint","urlTemplate":"https:\/\/totalhelpclermont.com\/?s={search_term_string}"},"query-input":{"@type":"PropertyValueSpecification","valueRequired":true,"valueName":"search_term_string"}}],"inLanguage":"en-US"}]}},"_links":{"self":[{"href":"https:\/\/totalhelpclermont.com\/en\/wp-json\/wp\/v2\/pages\/1960","targetHints":{"allow":["GET"]}}],"collection":[{"href":"https:\/\/totalhelpclermont.com\/en\/wp-json\/wp\/v2\/pages"}],"about":[{"href":"https:\/\/totalhelpclermont.com\/en\/wp-json\/wp\/v2\/types\/page"}],"author":[{"embeddable":true,"href":"https:\/\/totalhelpclermont.com\/en\/wp-json\/wp\/v2\/users\/1"}],"replies":[{"embeddable":true,"href":"https:\/\/totalhelpclermont.com\/en\/wp-json\/wp\/v2\/comments?post=1960"}],"version-history":[{"count":28,"href":"https:\/\/totalhelpclermont.com\/en\/wp-json\/wp\/v2\/pages\/1960\/revisions"}],"predecessor-version":[{"id":2058,"href":"https:\/\/totalhelpclermont.com\/en\/wp-json\/wp\/v2\/pages\/1960\/revisions\/2058"}],"wp:attachment":[{"href":"https:\/\/totalhelpclermont.com\/en\/wp-json\/wp\/v2\/media?parent=1960"}],"curies":[{"name":"wp","href":"https:\/\/api.w.org\/{rel}","templated":true}]}}